{"id":478,"date":"2024-01-16T23:01:35","date_gmt":"2024-01-16T22:01:35","guid":{"rendered":"https:\/\/volantenlinea.com\/?page_id=478"},"modified":"2025-09-14T07:35:40","modified_gmt":"2025-09-14T05:35:40","slug":"perifoneo","status":"publish","type":"page","link":"https:\/\/volantenlinea.com\/index.php\/perifoneo\/","title":{"rendered":"Perifoneo"},"content":{"rendered":"\t\t<div data-elementor-type=\"wp-page\" data-elementor-id=\"478\" class=\"elementor elementor-478\" data-elementor-post-type=\"page\">\n\t\t\t\t<div class=\"elementor-element elementor-element-4909836 e-con-full e-flex e-con e-parent\" data-id=\"4909836\" data-element_type=\"container\">\n\t\t\t\t<div class=\"elementor-element elementor-element-6108876 elementor-invisible elementor-widget elementor-widget-heading\" data-id=\"6108876\" data-element_type=\"widget\" data-settings=\"{&quot;_animation&quot;:&quot;fadeIn&quot;}\" data-widget_type=\"heading.default\">\n\t\t\t\t<div class=\"elementor-widget-container\">\n\t\t\t\t\t<h2 class=\"elementor-heading-title elementor-size-large\">PERIFONEO<\/h2>\t\t\t\t<\/div>\n\t\t\t\t<\/div>\n\t\t\t\t<\/div>\n\t\t<div class=\"elementor-element elementor-element-447be0c e-con-full e-flex e-con e-parent\" data-id=\"447be0c\" data-element_type=\"container\">\n\t\t<div class=\"elementor-element elementor-element-540ea4a e-con-full e-flex e-con e-child\" data-id=\"540ea4a\" data-element_type=\"container\">\n\t\t\t\t<div class=\"elementor-element elementor-element-ebeea3c elementor-widget elementor-widget-image\" data-id=\"ebeea3c\" data-element_type=\"widget\" data-widget_type=\"image.default\">\n\t\t\t\t<div class=\"elementor-widget-container\">\n\t\t\t\t\t\t\t\t\t\t\t\t\t\t\t<img fetchpriority=\"high\" decoding=\"async\" width=\"800\" height=\"500\" src=\"https:\/\/volantenlinea.com\/wp-content\/uploads\/2025\/09\/perifoneo.png\" class=\"attachment-large size-large wp-image-1696\" alt=\"\" srcset=\"https:\/\/volantenlinea.com\/wp-content\/uploads\/2025\/09\/perifoneo.png 800w, https:\/\/volantenlinea.com\/wp-content\/uploads\/2025\/09\/perifoneo-300x188.png 300w, https:\/\/volantenlinea.com\/wp-content\/uploads\/2025\/09\/perifoneo-768x480.png 768w, https:\/\/volantenlinea.com\/wp-content\/uploads\/2025\/09\/perifoneo-500x313.png 500w\" sizes=\"(max-width: 800px) 100vw, 800px\" \/>\t\t\t\t\t\t\t\t\t\t\t\t\t\t\t<\/div>\n\t\t\t\t<\/div>\n\t\t\t\t<div class=\"elementor-element elementor-element-a2143c2 elementor-widget elementor-widget-wp-widget-media_audio\" data-id=\"a2143c2\" data-element_type=\"widget\" data-widget_type=\"wp-widget-media_audio.default\">\n\t\t\t\t<div class=\"elementor-widget-container\">\n\t\t\t\t\t<h5>Ejemplo de spot<\/h5><!--[if lt IE 9]><script>document.createElement('audio');<\/script><![endif]-->\n<audio class=\"wp-audio-shortcode\" id=\"audio-478-1\" preload=\"none\" style=\"width: 100%;\" controls=\"controls\"><source type=\"audio\/mpeg\" src=\"https:\/\/volantenlinea.com\/wp-content\/uploads\/2025\/09\/CLN-PERIFONEO-TODOS-LOS-DIAS.mp3?_=1\" \/><source type=\"audio\/mpeg\" src=\"https:\/\/volantenlinea.com\/wp-content\/uploads\/2025\/09\/CLN-PERIFONEO-TODOS-LOS-DIAS.mp3?_=1\" \/><a href=\"https:\/\/volantenlinea.com\/wp-content\/uploads\/2025\/09\/CLN-PERIFONEO-TODOS-LOS-DIAS.mp3\">https:\/\/volantenlinea.com\/wp-content\/uploads\/2025\/09\/CLN-PERIFONEO-TODOS-LOS-DIAS.mp3<\/a><\/audio>\t\t\t\t<\/div>\n\t\t\t\t<\/div>\n\t\t\t\t<\/div>\n\t\t<div class=\"elementor-element elementor-element-741e38c e-con-full e-flex e-con e-child\" data-id=\"741e38c\" data-element_type=\"container\">\n\t\t\t\t<div class=\"elementor-element elementor-element-1b52386 elementor-headline--style-rotate elementor-widget elementor-widget-animated-headline\" data-id=\"1b52386\" data-element_type=\"widget\" data-settings=\"{&quot;headline_style&quot;:&quot;rotate&quot;,&quot;animation_type&quot;:&quot;clip&quot;,&quot;rotating_text&quot;:&quot;horas&quot;,&quot;rotate_iteration_delay&quot;:4000,&quot;loop&quot;:&quot;yes&quot;}\" data-widget_type=\"animated-headline.default\">\n\t\t\t\t<div class=\"elementor-widget-container\">\n\t\t\t\t\t\t\t<h3 class=\"elementor-headline elementor-headline-animation-type-clip\">\n\t\t\t\t\t<span class=\"elementor-headline-plain-text elementor-headline-text-wrapper\">Perifoneo por<\/span>\n\t\t\t\t<span class=\"elementor-headline-dynamic-wrapper elementor-headline-text-wrapper\">\n\t\t\t\t\t<span class=\"elementor-headline-dynamic-text elementor-headline-text-active\">\n\t\t\t\thoras\t\t\t<\/span>\n\t\t\t\t\t\t<\/span>\n\t\t\t\t<\/h3>\n\t\t\t\t\t\t<\/div>\n\t\t\t\t<\/div>\n\t\t\t\t<div class=\"elementor-element elementor-element-da30b8a elementor-widget elementor-widget-text-editor\" data-id=\"da30b8a\" data-element_type=\"widget\" data-widget_type=\"text-editor.default\">\n\t\t\t\t<div class=\"elementor-widget-container\">\n\t\t\t\t\t\t\t\t\t<p data-start=\"140\" data-end=\"318\">\ud83d\udce2 <strong data-start=\"143\" data-end=\"168\">Perifoneo en Culiac\u00e1n<\/strong> \ud83d\ude97\ud83d\udd0a<br data-start=\"173\" data-end=\"176\" \/>Un servicio estrat\u00e9gico de promoci\u00f3n que consiste en un veh\u00edculo equipado con sonido profesional recorriendo rutas previamente establecidas.<\/p><p data-start=\"320\" data-end=\"447\">\u2728 Con esta herramienta podr\u00e1s dar a conocer:<br data-start=\"364\" data-end=\"367\" \/>\u2705 <strong data-start=\"369\" data-end=\"382\">Servicios<\/strong><br data-start=\"382\" data-end=\"385\" \/>\u2705 <strong data-start=\"387\" data-end=\"413\">Promociones exclusivas<\/strong><br data-start=\"413\" data-end=\"416\" \/>\u2705 <strong data-start=\"418\" data-end=\"445\">Novedades de tu negocio<\/strong><\/p><p data-start=\"449\" data-end=\"592\">\ud83d\udccd Ideal para llegar a <strong data-start=\"472\" data-end=\"507\">sectores completos de la ciudad<\/strong>, garantizando mayor alcance, presencia de marca y conexi\u00f3n directa con tu p\u00fablico.<\/p><p data-start=\"594\" data-end=\"671\">\ud83d\ude80 \u00a1Lleva tu mensaje a cada rinc\u00f3n de Culiac\u00e1n y haz que todos te escuchen!<\/p><p style=\"text-align: center;\"><br \/><br \/><\/p>\t\t\t\t\t\t\t\t<\/div>\n\t\t\t\t<\/div>\n\t\t\t\t<\/div>\n\t\t\t\t<\/div>\n\t\t\t\t<\/div>\n\t\t","protected":false},"excerpt":{"rendered":"<p>PERIFONEO Perifoneo por horas \ud83d\udce2 Perifoneo en Culiac\u00e1n \ud83d\ude97\ud83d\udd0aUn servicio estrat\u00e9gico de promoci\u00f3n que consiste en un veh\u00edculo equipado con sonido profesional recorriendo rutas previamente establecidas. \u2728 Con esta herramienta podr\u00e1s dar a conocer:\u2705 Servicios\u2705 Promociones exclusivas\u2705 Novedades de tu negocio \ud83d\udccd Ideal para llegar a sectores completos de la ciudad, garantizando mayor alcance, presencia [&hellip;]<\/p>\n","protected":false},"author":1,"featured_media":0,"parent":0,"menu_order":0,"comment_status":"closed","ping_status":"closed","template":"","meta":{"footnotes":""},"class_list":["post-478","page","type-page","status-publish","hentry"],"yoast_head":"<!-- This site is optimized with the Yoast SEO plugin v26.8 - https:\/\/yoast.com\/product\/yoast-seo-wordpress\/ -->\n<title>Perifoneo -<\/title>\n<meta name=\"robots\" content=\"index, follow, max-snippet:-1, max-image-preview:large, max-video-preview:-1\" \/>\n<link rel=\"canonical\" href=\"https:\/\/volantenlinea.com\/index.php\/perifoneo\/\" \/>\n<meta property=\"og:locale\" content=\"es_ES\" \/>\n<meta property=\"og:type\" content=\"article\" \/>\n<meta property=\"og:title\" content=\"Perifoneo -\" \/>\n<meta property=\"og:description\" content=\"PERIFONEO Perifoneo por horas \ud83d\udce2 Perifoneo en Culiac\u00e1n \ud83d\ude97\ud83d\udd0aUn servicio estrat\u00e9gico de promoci\u00f3n que consiste en un veh\u00edculo equipado con sonido profesional recorriendo rutas previamente establecidas. \u2728 Con esta herramienta podr\u00e1s dar a conocer:\u2705 Servicios\u2705 Promociones exclusivas\u2705 Novedades de tu negocio \ud83d\udccd Ideal para llegar a sectores completos de la ciudad, garantizando mayor alcance, presencia [&hellip;]\" \/>\n<meta property=\"og:url\" content=\"https:\/\/volantenlinea.com\/index.php\/perifoneo\/\" \/>\n<meta property=\"article:modified_time\" content=\"2025-09-14T05:35:40+00:00\" \/>\n<meta property=\"og:image\" content=\"https:\/\/volantenlinea.com\/wp-content\/uploads\/2025\/09\/perifoneo.png\" \/>\n\t<meta property=\"og:image:width\" content=\"800\" \/>\n\t<meta property=\"og:image:height\" content=\"500\" \/>\n\t<meta property=\"og:image:type\" content=\"image\/png\" \/>\n<meta name=\"twitter:card\" content=\"summary_large_image\" \/>\n<script type=\"application\/ld+json\" class=\"yoast-schema-graph\">{\"@context\":\"https:\/\/schema.org\",\"@graph\":[{\"@type\":\"WebPage\",\"@id\":\"https:\/\/volantenlinea.com\/index.php\/perifoneo\/\",\"url\":\"https:\/\/volantenlinea.com\/index.php\/perifoneo\/\",\"name\":\"Perifoneo -\",\"isPartOf\":{\"@id\":\"https:\/\/volantenlinea.com\/#website\"},\"primaryImageOfPage\":{\"@id\":\"https:\/\/volantenlinea.com\/index.php\/perifoneo\/#primaryimage\"},\"image\":{\"@id\":\"https:\/\/volantenlinea.com\/index.php\/perifoneo\/#primaryimage\"},\"thumbnailUrl\":\"https:\/\/volantenlinea.com\/wp-content\/uploads\/2025\/09\/perifoneo.png\",\"datePublished\":\"2024-01-16T22:01:35+00:00\",\"dateModified\":\"2025-09-14T05:35:40+00:00\",\"breadcrumb\":{\"@id\":\"https:\/\/volantenlinea.com\/index.php\/perifoneo\/#breadcrumb\"},\"inLanguage\":\"es\",\"potentialAction\":[{\"@type\":\"ReadAction\",\"target\":[\"https:\/\/volantenlinea.com\/index.php\/perifoneo\/\"]}]},{\"@type\":\"ImageObject\",\"inLanguage\":\"es\",\"@id\":\"https:\/\/volantenlinea.com\/index.php\/perifoneo\/#primaryimage\",\"url\":\"https:\/\/volantenlinea.com\/wp-content\/uploads\/2025\/09\/perifoneo.png\",\"contentUrl\":\"https:\/\/volantenlinea.com\/wp-content\/uploads\/2025\/09\/perifoneo.png\",\"width\":800,\"height\":500},{\"@type\":\"BreadcrumbList\",\"@id\":\"https:\/\/volantenlinea.com\/index.php\/perifoneo\/#breadcrumb\",\"itemListElement\":[{\"@type\":\"ListItem\",\"position\":1,\"name\":\"Portada\",\"item\":\"https:\/\/volantenlinea.com\/\"},{\"@type\":\"ListItem\",\"position\":2,\"name\":\"Perifoneo\"}]},{\"@type\":\"WebSite\",\"@id\":\"https:\/\/volantenlinea.com\/#website\",\"url\":\"https:\/\/volantenlinea.com\/\",\"name\":\"\",\"description\":\"\",\"potentialAction\":[{\"@type\":\"SearchAction\",\"target\":{\"@type\":\"EntryPoint\",\"urlTemplate\":\"https:\/\/volantenlinea.com\/?s={search_term_string}\"},\"query-input\":{\"@type\":\"PropertyValueSpecification\",\"valueRequired\":true,\"valueName\":\"search_term_string\"}}],\"inLanguage\":\"es\"}]}<\/script>\n<!-- \/ Yoast SEO plugin. -->","yoast_head_json":{"title":"Perifoneo -","robots":{"index":"index","follow":"follow","max-snippet":"max-snippet:-1","max-image-preview":"max-image-preview:large","max-video-preview":"max-video-preview:-1"},"canonical":"https:\/\/volantenlinea.com\/index.php\/perifoneo\/","og_locale":"es_ES","og_type":"article","og_title":"Perifoneo -","og_description":"PERIFONEO Perifoneo por horas \ud83d\udce2 Perifoneo en Culiac\u00e1n \ud83d\ude97\ud83d\udd0aUn servicio estrat\u00e9gico de promoci\u00f3n que consiste en un veh\u00edculo equipado con sonido profesional recorriendo rutas previamente establecidas. \u2728 Con esta herramienta podr\u00e1s dar a conocer:\u2705 Servicios\u2705 Promociones exclusivas\u2705 Novedades de tu negocio \ud83d\udccd Ideal para llegar a sectores completos de la ciudad, garantizando mayor alcance, presencia [&hellip;]","og_url":"https:\/\/volantenlinea.com\/index.php\/perifoneo\/","article_modified_time":"2025-09-14T05:35:40+00:00","og_image":[{"width":800,"height":500,"url":"https:\/\/volantenlinea.com\/wp-content\/uploads\/2025\/09\/perifoneo.png","type":"image\/png"}],"twitter_card":"summary_large_image","schema":{"@context":"https:\/\/schema.org","@graph":[{"@type":"WebPage","@id":"https:\/\/volantenlinea.com\/index.php\/perifoneo\/","url":"https:\/\/volantenlinea.com\/index.php\/perifoneo\/","name":"Perifoneo -","isPartOf":{"@id":"https:\/\/volantenlinea.com\/#website"},"primaryImageOfPage":{"@id":"https:\/\/volantenlinea.com\/index.php\/perifoneo\/#primaryimage"},"image":{"@id":"https:\/\/volantenlinea.com\/index.php\/perifoneo\/#primaryimage"},"thumbnailUrl":"https:\/\/volantenlinea.com\/wp-content\/uploads\/2025\/09\/perifoneo.png","datePublished":"2024-01-16T22:01:35+00:00","dateModified":"2025-09-14T05:35:40+00:00","breadcrumb":{"@id":"https:\/\/volantenlinea.com\/index.php\/perifoneo\/#breadcrumb"},"inLanguage":"es","potentialAction":[{"@type":"ReadAction","target":["https:\/\/volantenlinea.com\/index.php\/perifoneo\/"]}]},{"@type":"ImageObject","inLanguage":"es","@id":"https:\/\/volantenlinea.com\/index.php\/perifoneo\/#primaryimage","url":"https:\/\/volantenlinea.com\/wp-content\/uploads\/2025\/09\/perifoneo.png","contentUrl":"https:\/\/volantenlinea.com\/wp-content\/uploads\/2025\/09\/perifoneo.png","width":800,"height":500},{"@type":"BreadcrumbList","@id":"https:\/\/volantenlinea.com\/index.php\/perifoneo\/#breadcrumb","itemListElement":[{"@type":"ListItem","position":1,"name":"Portada","item":"https:\/\/volantenlinea.com\/"},{"@type":"ListItem","position":2,"name":"Perifoneo"}]},{"@type":"WebSite","@id":"https:\/\/volantenlinea.com\/#website","url":"https:\/\/volantenlinea.com\/","name":"","description":"","potentialAction":[{"@type":"SearchAction","target":{"@type":"EntryPoint","urlTemplate":"https:\/\/volantenlinea.com\/?s={search_term_string}"},"query-input":{"@type":"PropertyValueSpecification","valueRequired":true,"valueName":"search_term_string"}}],"inLanguage":"es"}]}},"jetpack_sharing_enabled":true,"_links":{"self":[{"href":"https:\/\/volantenlinea.com\/index.php\/wp-json\/wp\/v2\/pages\/478","targetHints":{"allow":["GET"]}}],"collection":[{"href":"https:\/\/volantenlinea.com\/index.php\/wp-json\/wp\/v2\/pages"}],"about":[{"href":"https:\/\/volantenlinea.com\/index.php\/wp-json\/wp\/v2\/types\/page"}],"author":[{"embeddable":true,"href":"https:\/\/volantenlinea.com\/index.php\/wp-json\/wp\/v2\/users\/1"}],"replies":[{"embeddable":true,"href":"https:\/\/volantenlinea.com\/index.php\/wp-json\/wp\/v2\/comments?post=478"}],"version-history":[{"count":49,"href":"https:\/\/volantenlinea.com\/index.php\/wp-json\/wp\/v2\/pages\/478\/revisions"}],"predecessor-version":[{"id":1994,"href":"https:\/\/volantenlinea.com\/index.php\/wp-json\/wp\/v2\/pages\/478\/revisions\/1994"}],"wp:attachment":[{"href":"https:\/\/volantenlinea.com\/index.php\/wp-json\/wp\/v2\/media?parent=478"}],"curies":[{"name":"wp","href":"https:\/\/api.w.org\/{rel}","templated":true}]}}