{"id":481,"date":"2024-01-16T23:03:15","date_gmt":"2024-01-16T22:03:15","guid":{"rendered":"https:\/\/volantenlinea.com\/?page_id=481"},"modified":"2025-09-13T07:29:45","modified_gmt":"2025-09-13T05:29:45","slug":"promotoria","status":"publish","type":"page","link":"https:\/\/volantenlinea.com\/index.php\/promotoria\/","title":{"rendered":"Promotoria"},"content":{"rendered":"\t\t<div data-elementor-type=\"wp-page\" data-elementor-id=\"481\" class=\"elementor elementor-481\" data-elementor-post-type=\"page\">\n\t\t\t\t<div class=\"elementor-element elementor-element-119f73b e-con-full e-flex e-con e-parent\" data-id=\"119f73b\" data-element_type=\"container\">\n\t\t\t\t<div class=\"elementor-element elementor-element-e765cd1 elementor-invisible elementor-widget elementor-widget-heading\" data-id=\"e765cd1\" data-element_type=\"widget\" data-settings=\"{&quot;_animation&quot;:&quot;fadeIn&quot;}\" data-widget_type=\"heading.default\">\n\t\t\t\t<div class=\"elementor-widget-container\">\n\t\t\t\t\t<h2 class=\"elementor-heading-title elementor-size-large\">PROMOTOR\u00cdA<\/h2>\t\t\t\t<\/div>\n\t\t\t\t<\/div>\n\t\t\t\t<\/div>\n\t\t<div class=\"elementor-element elementor-element-3c0b29f e-con-full e-flex e-con e-parent\" data-id=\"3c0b29f\" data-element_type=\"container\">\n\t\t<div class=\"elementor-element elementor-element-9899dde e-con-full e-flex e-con e-child\" data-id=\"9899dde\" data-element_type=\"container\">\n\t\t\t\t<div class=\"elementor-element elementor-element-9b6c555 elementor-widget elementor-widget-image\" data-id=\"9b6c555\" data-element_type=\"widget\" data-widget_type=\"image.default\">\n\t\t\t\t<div class=\"elementor-widget-container\">\n\t\t\t\t\t\t\t\t\t\t\t\t\t\t\t<img fetchpriority=\"high\" decoding=\"async\" width=\"800\" height=\"603\" src=\"https:\/\/volantenlinea.com\/wp-content\/uploads\/2025\/09\/mplusvolanteo-1024x772.png\" class=\"attachment-large size-large wp-image-1823\" alt=\"\" srcset=\"https:\/\/volantenlinea.com\/wp-content\/uploads\/2025\/09\/mplusvolanteo-1024x772.png 1024w, https:\/\/volantenlinea.com\/wp-content\/uploads\/2025\/09\/mplusvolanteo-300x225.png 300w, https:\/\/volantenlinea.com\/wp-content\/uploads\/2025\/09\/mplusvolanteo-768x579.png 768w, https:\/\/volantenlinea.com\/wp-content\/uploads\/2025\/09\/mplusvolanteo-500x377.png 500w, https:\/\/volantenlinea.com\/wp-content\/uploads\/2025\/09\/mplusvolanteo-e1757741293895.png 600w\" sizes=\"(max-width: 800px) 100vw, 800px\" \/>\t\t\t\t\t\t\t\t\t\t\t\t\t\t\t<\/div>\n\t\t\t\t<\/div>\n\t\t\t\t<\/div>\n\t\t<div class=\"elementor-element elementor-element-12c6eb6 e-con-full e-flex e-con e-child\" data-id=\"12c6eb6\" data-element_type=\"container\">\n\t\t\t\t<div class=\"elementor-element elementor-element-e627233 elementor-headline--style-rotate elementor-widget elementor-widget-animated-headline\" data-id=\"e627233\" data-element_type=\"widget\" data-settings=\"{&quot;headline_style&quot;:&quot;rotate&quot;,&quot;rotating_text&quot;:&quot;Culiac\\u00e1n\\n&quot;,&quot;rotate_iteration_delay&quot;:3000,&quot;animation_type&quot;:&quot;typing&quot;,&quot;loop&quot;:&quot;yes&quot;}\" data-widget_type=\"animated-headline.default\">\n\t\t\t\t<div class=\"elementor-widget-container\">\n\t\t\t\t\t\t\t<h3 class=\"elementor-headline elementor-headline-animation-type-typing elementor-headline-letters\">\n\t\t\t\t\t<span class=\"elementor-headline-plain-text elementor-headline-text-wrapper\">Promotoria en<\/span>\n\t\t\t\t<span class=\"elementor-headline-dynamic-wrapper elementor-headline-text-wrapper\">\n\t\t\t\t\t<span class=\"elementor-headline-dynamic-text elementor-headline-text-active\">\n\t\t\t\tCuliac\u00e1n\t\t\t<\/span>\n\t\t\t\t\t<span class=\"elementor-headline-dynamic-text\">\n\t\t\t\t\t\t\t<\/span>\n\t\t\t\t\t\t<\/span>\n\t\t\t\t<\/h3>\n\t\t\t\t\t\t<\/div>\n\t\t\t\t<\/div>\n\t\t\t\t<div class=\"elementor-element elementor-element-3300ccc elementor-widget elementor-widget-text-editor\" data-id=\"3300ccc\" data-element_type=\"widget\" data-widget_type=\"text-editor.default\">\n\t\t\t\t<div class=\"elementor-widget-container\">\n\t\t\t\t\t\t\t\t\t<p>Pregunta por los servicios de promotor\u00eda en Culiac\u00e1n los cuales te ayudaran a darte a conocer y expresar tu publicidad de una manera llamativa.<\/p>\t\t\t\t\t\t\t\t<\/div>\n\t\t\t\t<\/div>\n\t\t\t\t<div class=\"elementor-element elementor-element-70de453 elementor-widget elementor-widget-heading\" data-id=\"70de453\" data-element_type=\"widget\" data-widget_type=\"heading.default\">\n\t\t\t\t<div class=\"elementor-widget-container\">\n\t\t\t\t\t<h2 class=\"elementor-heading-title elementor-size-default\">Promotor\u00eda<\/h2>\t\t\t\t<\/div>\n\t\t\t\t<\/div>\n\t\t\t\t<div class=\"elementor-element elementor-element-baf2a1a elementor-widget elementor-widget-text-editor\" data-id=\"baf2a1a\" data-element_type=\"widget\" data-widget_type=\"text-editor.default\">\n\t\t\t\t<div class=\"elementor-widget-container\">\n\t\t\t\t\t\t\t\t\t<p>Los trabajadores seleccionados se dirigen al blvd o calle seleccionado a realizar el trabajo por cierta cantidad de horas contratadas.<\/p><p><strong>Para mas informaci\u00f3n pregunta por nuestros medios de comunicaci\u00f3n y obtendr\u00e1s una respuesta lo antes posible.<\/strong><\/p>\t\t\t\t\t\t\t\t<\/div>\n\t\t\t\t<\/div>\n\t\t\t\t<\/div>\n\t\t\t\t<\/div>\n\t\t\t\t<\/div>\n\t\t","protected":false},"excerpt":{"rendered":"<p>PROMOTOR\u00cdA Promotoria en Culiac\u00e1n Pregunta por los servicios de promotor\u00eda en Culiac\u00e1n los cuales te ayudaran a darte a conocer y expresar tu publicidad de una manera llamativa. Promotor\u00eda Los trabajadores seleccionados se dirigen al blvd o calle seleccionado a realizar el trabajo por cierta cantidad de horas contratadas. Para mas informaci\u00f3n pregunta por nuestros [&hellip;]<\/p>\n","protected":false},"author":1,"featured_media":0,"parent":0,"menu_order":0,"comment_status":"closed","ping_status":"closed","template":"","meta":{"footnotes":""},"class_list":["post-481","page","type-page","status-publish","hentry"],"yoast_head":"<!-- This site is optimized with the Yoast SEO plugin v26.8 - https:\/\/yoast.com\/product\/yoast-seo-wordpress\/ -->\n<title>Promotoria -<\/title>\n<meta name=\"robots\" content=\"index, follow, max-snippet:-1, max-image-preview:large, max-video-preview:-1\" \/>\n<link rel=\"canonical\" href=\"https:\/\/volantenlinea.com\/index.php\/promotoria\/\" \/>\n<meta property=\"og:locale\" content=\"es_ES\" \/>\n<meta property=\"og:type\" content=\"article\" \/>\n<meta property=\"og:title\" content=\"Promotoria -\" \/>\n<meta property=\"og:description\" content=\"PROMOTOR\u00cdA Promotoria en Culiac\u00e1n Pregunta por los servicios de promotor\u00eda en Culiac\u00e1n los cuales te ayudaran a darte a conocer y expresar tu publicidad de una manera llamativa. Promotor\u00eda Los trabajadores seleccionados se dirigen al blvd o calle seleccionado a realizar el trabajo por cierta cantidad de horas contratadas. Para mas informaci\u00f3n pregunta por nuestros [&hellip;]\" \/>\n<meta property=\"og:url\" content=\"https:\/\/volantenlinea.com\/index.php\/promotoria\/\" \/>\n<meta property=\"article:modified_time\" content=\"2025-09-13T05:29:45+00:00\" \/>\n<meta property=\"og:image\" content=\"https:\/\/volantenlinea.com\/wp-content\/uploads\/2025\/09\/mplusvolanteo-e1757741293895.png\" \/>\n\t<meta property=\"og:image:width\" content=\"600\" \/>\n\t<meta property=\"og:image:height\" content=\"452\" \/>\n\t<meta property=\"og:image:type\" content=\"image\/png\" \/>\n<meta name=\"twitter:card\" content=\"summary_large_image\" \/>\n<script type=\"application\/ld+json\" class=\"yoast-schema-graph\">{\"@context\":\"https:\/\/schema.org\",\"@graph\":[{\"@type\":\"WebPage\",\"@id\":\"https:\/\/volantenlinea.com\/index.php\/promotoria\/\",\"url\":\"https:\/\/volantenlinea.com\/index.php\/promotoria\/\",\"name\":\"Promotoria -\",\"isPartOf\":{\"@id\":\"https:\/\/volantenlinea.com\/#website\"},\"primaryImageOfPage\":{\"@id\":\"https:\/\/volantenlinea.com\/index.php\/promotoria\/#primaryimage\"},\"image\":{\"@id\":\"https:\/\/volantenlinea.com\/index.php\/promotoria\/#primaryimage\"},\"thumbnailUrl\":\"https:\/\/volantenlinea.com\/wp-content\/uploads\/2025\/09\/mplusvolanteo-1024x772.png\",\"datePublished\":\"2024-01-16T22:03:15+00:00\",\"dateModified\":\"2025-09-13T05:29:45+00:00\",\"breadcrumb\":{\"@id\":\"https:\/\/volantenlinea.com\/index.php\/promotoria\/#breadcrumb\"},\"inLanguage\":\"es\",\"potentialAction\":[{\"@type\":\"ReadAction\",\"target\":[\"https:\/\/volantenlinea.com\/index.php\/promotoria\/\"]}]},{\"@type\":\"ImageObject\",\"inLanguage\":\"es\",\"@id\":\"https:\/\/volantenlinea.com\/index.php\/promotoria\/#primaryimage\",\"url\":\"https:\/\/volantenlinea.com\/wp-content\/uploads\/2025\/09\/mplusvolanteo-e1757741293895.png\",\"contentUrl\":\"https:\/\/volantenlinea.com\/wp-content\/uploads\/2025\/09\/mplusvolanteo-e1757741293895.png\",\"width\":600,\"height\":452},{\"@type\":\"BreadcrumbList\",\"@id\":\"https:\/\/volantenlinea.com\/index.php\/promotoria\/#breadcrumb\",\"itemListElement\":[{\"@type\":\"ListItem\",\"position\":1,\"name\":\"Portada\",\"item\":\"https:\/\/volantenlinea.com\/\"},{\"@type\":\"ListItem\",\"position\":2,\"name\":\"Promotoria\"}]},{\"@type\":\"WebSite\",\"@id\":\"https:\/\/volantenlinea.com\/#website\",\"url\":\"https:\/\/volantenlinea.com\/\",\"name\":\"\",\"description\":\"\",\"potentialAction\":[{\"@type\":\"SearchAction\",\"target\":{\"@type\":\"EntryPoint\",\"urlTemplate\":\"https:\/\/volantenlinea.com\/?s={search_term_string}\"},\"query-input\":{\"@type\":\"PropertyValueSpecification\",\"valueRequired\":true,\"valueName\":\"search_term_string\"}}],\"inLanguage\":\"es\"}]}<\/script>\n<!-- \/ Yoast SEO plugin. -->","yoast_head_json":{"title":"Promotoria -","robots":{"index":"index","follow":"follow","max-snippet":"max-snippet:-1","max-image-preview":"max-image-preview:large","max-video-preview":"max-video-preview:-1"},"canonical":"https:\/\/volantenlinea.com\/index.php\/promotoria\/","og_locale":"es_ES","og_type":"article","og_title":"Promotoria -","og_description":"PROMOTOR\u00cdA Promotoria en Culiac\u00e1n Pregunta por los servicios de promotor\u00eda en Culiac\u00e1n los cuales te ayudaran a darte a conocer y expresar tu publicidad de una manera llamativa. Promotor\u00eda Los trabajadores seleccionados se dirigen al blvd o calle seleccionado a realizar el trabajo por cierta cantidad de horas contratadas. Para mas informaci\u00f3n pregunta por nuestros [&hellip;]","og_url":"https:\/\/volantenlinea.com\/index.php\/promotoria\/","article_modified_time":"2025-09-13T05:29:45+00:00","og_image":[{"width":600,"height":452,"url":"https:\/\/volantenlinea.com\/wp-content\/uploads\/2025\/09\/mplusvolanteo-e1757741293895.png","type":"image\/png"}],"twitter_card":"summary_large_image","schema":{"@context":"https:\/\/schema.org","@graph":[{"@type":"WebPage","@id":"https:\/\/volantenlinea.com\/index.php\/promotoria\/","url":"https:\/\/volantenlinea.com\/index.php\/promotoria\/","name":"Promotoria -","isPartOf":{"@id":"https:\/\/volantenlinea.com\/#website"},"primaryImageOfPage":{"@id":"https:\/\/volantenlinea.com\/index.php\/promotoria\/#primaryimage"},"image":{"@id":"https:\/\/volantenlinea.com\/index.php\/promotoria\/#primaryimage"},"thumbnailUrl":"https:\/\/volantenlinea.com\/wp-content\/uploads\/2025\/09\/mplusvolanteo-1024x772.png","datePublished":"2024-01-16T22:03:15+00:00","dateModified":"2025-09-13T05:29:45+00:00","breadcrumb":{"@id":"https:\/\/volantenlinea.com\/index.php\/promotoria\/#breadcrumb"},"inLanguage":"es","potentialAction":[{"@type":"ReadAction","target":["https:\/\/volantenlinea.com\/index.php\/promotoria\/"]}]},{"@type":"ImageObject","inLanguage":"es","@id":"https:\/\/volantenlinea.com\/index.php\/promotoria\/#primaryimage","url":"https:\/\/volantenlinea.com\/wp-content\/uploads\/2025\/09\/mplusvolanteo-e1757741293895.png","contentUrl":"https:\/\/volantenlinea.com\/wp-content\/uploads\/2025\/09\/mplusvolanteo-e1757741293895.png","width":600,"height":452},{"@type":"BreadcrumbList","@id":"https:\/\/volantenlinea.com\/index.php\/promotoria\/#breadcrumb","itemListElement":[{"@type":"ListItem","position":1,"name":"Portada","item":"https:\/\/volantenlinea.com\/"},{"@type":"ListItem","position":2,"name":"Promotoria"}]},{"@type":"WebSite","@id":"https:\/\/volantenlinea.com\/#website","url":"https:\/\/volantenlinea.com\/","name":"","description":"","potentialAction":[{"@type":"SearchAction","target":{"@type":"EntryPoint","urlTemplate":"https:\/\/volantenlinea.com\/?s={search_term_string}"},"query-input":{"@type":"PropertyValueSpecification","valueRequired":true,"valueName":"search_term_string"}}],"inLanguage":"es"}]}},"jetpack_sharing_enabled":true,"_links":{"self":[{"href":"https:\/\/volantenlinea.com\/index.php\/wp-json\/wp\/v2\/pages\/481","targetHints":{"allow":["GET"]}}],"collection":[{"href":"https:\/\/volantenlinea.com\/index.php\/wp-json\/wp\/v2\/pages"}],"about":[{"href":"https:\/\/volantenlinea.com\/index.php\/wp-json\/wp\/v2\/types\/page"}],"author":[{"embeddable":true,"href":"https:\/\/volantenlinea.com\/index.php\/wp-json\/wp\/v2\/users\/1"}],"replies":[{"embeddable":true,"href":"https:\/\/volantenlinea.com\/index.php\/wp-json\/wp\/v2\/comments?post=481"}],"version-history":[{"count":22,"href":"https:\/\/volantenlinea.com\/index.php\/wp-json\/wp\/v2\/pages\/481\/revisions"}],"predecessor-version":[{"id":1826,"href":"https:\/\/volantenlinea.com\/index.php\/wp-json\/wp\/v2\/pages\/481\/revisions\/1826"}],"wp:attachment":[{"href":"https:\/\/volantenlinea.com\/index.php\/wp-json\/wp\/v2\/media?parent=481"}],"curies":[{"name":"wp","href":"https:\/\/api.w.org\/{rel}","templated":true}]}}