{"id":126,"date":"2024-01-13T07:07:36","date_gmt":"2024-01-13T06:07:36","guid":{"rendered":"https:\/\/volantenlinea.com\/?post_type=product&#038;p=126"},"modified":"2025-09-14T07:39:28","modified_gmt":"2025-09-14T05:39:28","slug":"taza-blanca-personalizadas-cualquier-diseno-a-color","status":"publish","type":"product","link":"https:\/\/volantenlinea.com\/index.php\/producto\/taza-blanca-personalizadas-cualquier-diseno-a-color\/","title":{"rendered":"Taza personalizada cualquier dise\u00f1o a color"},"content":{"rendered":"<h3 data-start=\"109\" data-end=\"172\">\u2615\u2728 Sublimaci\u00f3n de Tazas \u2013 Personalizaci\u00f3n de Alta Calidad<\/h3>\n<p data-start=\"173\" data-end=\"510\">En nuestro servicio de <strong data-start=\"196\" data-end=\"220\">sublimaci\u00f3n de tazas<\/strong> ofrecemos productos \u00fanicos \ud83c\udf81, dise\u00f1ados para destacar tu marca \ud83d\udcbc, expresar tu estilo \ud83c\udfa8 o sorprender con un regalo original \ud83d\udc9d. Utilizamos la m\u00e1s avanzada tecnolog\u00eda de impresi\u00f3n por sublimaci\u00f3n, que garantiza <strong data-start=\"433\" data-end=\"507\">colores vivos \ud83c\udf08, im\u00e1genes n\u00edtidas \ud83d\udcf8 y una durabilidad excepcional \ud83d\udcaa<\/strong>.<\/p>\n<ul data-start=\"512\" data-end=\"976\">\n<li data-start=\"512\" data-end=\"609\">\n<p data-start=\"514\" data-end=\"609\">\u2705 <strong data-start=\"516\" data-end=\"535\">Calidad Premium<\/strong>: Tazas de cer\u00e1mica de primera, resistentes al calor \ud83d\udd25 y al uso diario.<\/p>\n<\/li>\n<li data-start=\"610\" data-end=\"721\">\n<p data-start=\"612\" data-end=\"721\">\ud83c\udfa8 <strong data-start=\"615\" data-end=\"641\">Dise\u00f1os Personalizados<\/strong>: Logotipos, fotos, ilustraciones o frases especiales \u270d\ufe0f con m\u00e1xima fidelidad.<\/p>\n<\/li>\n<li data-start=\"722\" data-end=\"824\">\n<p data-start=\"724\" data-end=\"824\">\ud83e\uddfc <strong data-start=\"727\" data-end=\"754\">Durabilidad Garantizada<\/strong>: Impresi\u00f3n apta para microondas y lavavajillas \ud83e\udee7 sin perder color.<\/p>\n<\/li>\n<li data-start=\"825\" data-end=\"976\">\n<p data-start=\"827\" data-end=\"976\">\ud83c\udf0d <strong data-start=\"830\" data-end=\"852\">Versatilidad Total<\/strong>: Perfectas para regalos empresariales \ud83c\udfe2, promociones publicitarias \ud83d\udce2, recuerdos de eventos \ud83c\udf89 o detalles personales \ud83d\udc95.<\/p>\n<\/li>\n<\/ul>\n<p data-start=\"978\" data-end=\"1125\">Con la sublimaci\u00f3n de tazas transformamos una simple pieza en un producto exclusivo y memorable \u2728 que refleja tu identidad o la de tu empresa \ud83d\ude80.<\/p>\n","protected":false},"excerpt":{"rendered":"<p><strong>Sublimaci\u00f3n de Tazas \u2013 Personalizaci\u00f3n de Alta Calidad<\/strong><\/p>\n<p>&nbsp;<\/p>\n","protected":false},"featured_media":1995,"comment_status":"open","ping_status":"closed","template":"","meta":[],"product_brand":[],"product_cat":[23],"product_tag":[],"class_list":{"0":"post-126","1":"product","2":"type-product","3":"status-publish","4":"has-post-thumbnail","6":"product_cat-tazas","8":"first","9":"instock","10":"purchasable","11":"product-type-simple"},"yoast_head":"<!-- This site is optimized with the Yoast SEO plugin v26.8 - https:\/\/yoast.com\/product\/yoast-seo-wordpress\/ -->\n<title>Taza personalizada cualquier dise\u00f1o a color -<\/title>\n<meta name=\"robots\" content=\"index, follow, max-snippet:-1, max-image-preview:large, max-video-preview:-1\" \/>\n<link rel=\"canonical\" href=\"https:\/\/volantenlinea.com\/index.php\/producto\/taza-blanca-personalizadas-cualquier-diseno-a-color\/\" \/>\n<meta property=\"og:locale\" content=\"es_ES\" \/>\n<meta property=\"og:type\" content=\"article\" \/>\n<meta property=\"og:title\" content=\"Taza personalizada cualquier dise\u00f1o a color -\" \/>\n<meta property=\"og:description\" content=\"Sublimaci\u00f3n de Tazas \u2013 Personalizaci\u00f3n de Alta Calidad  &nbsp;\" \/>\n<meta property=\"og:url\" content=\"https:\/\/volantenlinea.com\/index.php\/producto\/taza-blanca-personalizadas-cualquier-diseno-a-color\/\" \/>\n<meta property=\"article:modified_time\" content=\"2025-09-14T05:39:28+00:00\" \/>\n<meta property=\"og:image\" content=\"https:\/\/volantenlinea.com\/wp-content\/uploads\/2024\/01\/taza.png\" \/>\n\t<meta property=\"og:image:width\" content=\"600\" \/>\n\t<meta property=\"og:image:height\" content=\"452\" \/>\n\t<meta property=\"og:image:type\" content=\"image\/png\" \/>\n<meta name=\"twitter:card\" content=\"summary_large_image\" \/>\n<meta name=\"twitter:label1\" content=\"Tiempo de lectura\" \/>\n\t<meta name=\"twitter:data1\" content=\"1 minuto\" \/>\n<script type=\"application\/ld+json\" class=\"yoast-schema-graph\">{\"@context\":\"https:\/\/schema.org\",\"@graph\":[{\"@type\":\"WebPage\",\"@id\":\"https:\/\/volantenlinea.com\/index.php\/producto\/taza-blanca-personalizadas-cualquier-diseno-a-color\/\",\"url\":\"https:\/\/volantenlinea.com\/index.php\/producto\/taza-blanca-personalizadas-cualquier-diseno-a-color\/\",\"name\":\"Taza personalizada cualquier dise\u00f1o a color -\",\"isPartOf\":{\"@id\":\"https:\/\/volantenlinea.com\/#website\"},\"primaryImageOfPage\":{\"@id\":\"https:\/\/volantenlinea.com\/index.php\/producto\/taza-blanca-personalizadas-cualquier-diseno-a-color\/#primaryimage\"},\"image\":{\"@id\":\"https:\/\/volantenlinea.com\/index.php\/producto\/taza-blanca-personalizadas-cualquier-diseno-a-color\/#primaryimage\"},\"thumbnailUrl\":\"https:\/\/volantenlinea.com\/wp-content\/uploads\/2024\/01\/taza.png\",\"datePublished\":\"2024-01-13T06:07:36+00:00\",\"dateModified\":\"2025-09-14T05:39:28+00:00\",\"breadcrumb\":{\"@id\":\"https:\/\/volantenlinea.com\/index.php\/producto\/taza-blanca-personalizadas-cualquier-diseno-a-color\/#breadcrumb\"},\"inLanguage\":\"es\",\"potentialAction\":[{\"@type\":\"ReadAction\",\"target\":[\"https:\/\/volantenlinea.com\/index.php\/producto\/taza-blanca-personalizadas-cualquier-diseno-a-color\/\"]}]},{\"@type\":\"ImageObject\",\"inLanguage\":\"es\",\"@id\":\"https:\/\/volantenlinea.com\/index.php\/producto\/taza-blanca-personalizadas-cualquier-diseno-a-color\/#primaryimage\",\"url\":\"https:\/\/volantenlinea.com\/wp-content\/uploads\/2024\/01\/taza.png\",\"contentUrl\":\"https:\/\/volantenlinea.com\/wp-content\/uploads\/2024\/01\/taza.png\",\"width\":600,\"height\":452},{\"@type\":\"BreadcrumbList\",\"@id\":\"https:\/\/volantenlinea.com\/index.php\/producto\/taza-blanca-personalizadas-cualquier-diseno-a-color\/#breadcrumb\",\"itemListElement\":[{\"@type\":\"ListItem\",\"position\":1,\"name\":\"Portada\",\"item\":\"https:\/\/volantenlinea.com\/\"},{\"@type\":\"ListItem\",\"position\":2,\"name\":\"Productos\",\"item\":\"https:\/\/volantenlinea.com\/index.php\/tienda\/\"},{\"@type\":\"ListItem\",\"position\":3,\"name\":\"Taza personalizada cualquier dise\u00f1o a color\"}]},{\"@type\":\"WebSite\",\"@id\":\"https:\/\/volantenlinea.com\/#website\",\"url\":\"https:\/\/volantenlinea.com\/\",\"name\":\"\",\"description\":\"\",\"potentialAction\":[{\"@type\":\"SearchAction\",\"target\":{\"@type\":\"EntryPoint\",\"urlTemplate\":\"https:\/\/volantenlinea.com\/?s={search_term_string}\"},\"query-input\":{\"@type\":\"PropertyValueSpecification\",\"valueRequired\":true,\"valueName\":\"search_term_string\"}}],\"inLanguage\":\"es\"}]}<\/script>\n<!-- \/ Yoast SEO plugin. -->","yoast_head_json":{"title":"Taza personalizada cualquier dise\u00f1o a color -","robots":{"index":"index","follow":"follow","max-snippet":"max-snippet:-1","max-image-preview":"max-image-preview:large","max-video-preview":"max-video-preview:-1"},"canonical":"https:\/\/volantenlinea.com\/index.php\/producto\/taza-blanca-personalizadas-cualquier-diseno-a-color\/","og_locale":"es_ES","og_type":"article","og_title":"Taza personalizada cualquier dise\u00f1o a color -","og_description":"Sublimaci\u00f3n de Tazas \u2013 Personalizaci\u00f3n de Alta Calidad  &nbsp;","og_url":"https:\/\/volantenlinea.com\/index.php\/producto\/taza-blanca-personalizadas-cualquier-diseno-a-color\/","article_modified_time":"2025-09-14T05:39:28+00:00","og_image":[{"width":600,"height":452,"url":"https:\/\/volantenlinea.com\/wp-content\/uploads\/2024\/01\/taza.png","type":"image\/png"}],"twitter_card":"summary_large_image","twitter_misc":{"Tiempo de lectura":"1 minuto"},"schema":{"@context":"https:\/\/schema.org","@graph":[{"@type":"WebPage","@id":"https:\/\/volantenlinea.com\/index.php\/producto\/taza-blanca-personalizadas-cualquier-diseno-a-color\/","url":"https:\/\/volantenlinea.com\/index.php\/producto\/taza-blanca-personalizadas-cualquier-diseno-a-color\/","name":"Taza personalizada cualquier dise\u00f1o a color -","isPartOf":{"@id":"https:\/\/volantenlinea.com\/#website"},"primaryImageOfPage":{"@id":"https:\/\/volantenlinea.com\/index.php\/producto\/taza-blanca-personalizadas-cualquier-diseno-a-color\/#primaryimage"},"image":{"@id":"https:\/\/volantenlinea.com\/index.php\/producto\/taza-blanca-personalizadas-cualquier-diseno-a-color\/#primaryimage"},"thumbnailUrl":"https:\/\/volantenlinea.com\/wp-content\/uploads\/2024\/01\/taza.png","datePublished":"2024-01-13T06:07:36+00:00","dateModified":"2025-09-14T05:39:28+00:00","breadcrumb":{"@id":"https:\/\/volantenlinea.com\/index.php\/producto\/taza-blanca-personalizadas-cualquier-diseno-a-color\/#breadcrumb"},"inLanguage":"es","potentialAction":[{"@type":"ReadAction","target":["https:\/\/volantenlinea.com\/index.php\/producto\/taza-blanca-personalizadas-cualquier-diseno-a-color\/"]}]},{"@type":"ImageObject","inLanguage":"es","@id":"https:\/\/volantenlinea.com\/index.php\/producto\/taza-blanca-personalizadas-cualquier-diseno-a-color\/#primaryimage","url":"https:\/\/volantenlinea.com\/wp-content\/uploads\/2024\/01\/taza.png","contentUrl":"https:\/\/volantenlinea.com\/wp-content\/uploads\/2024\/01\/taza.png","width":600,"height":452},{"@type":"BreadcrumbList","@id":"https:\/\/volantenlinea.com\/index.php\/producto\/taza-blanca-personalizadas-cualquier-diseno-a-color\/#breadcrumb","itemListElement":[{"@type":"ListItem","position":1,"name":"Portada","item":"https:\/\/volantenlinea.com\/"},{"@type":"ListItem","position":2,"name":"Productos","item":"https:\/\/volantenlinea.com\/index.php\/tienda\/"},{"@type":"ListItem","position":3,"name":"Taza personalizada cualquier dise\u00f1o a color"}]},{"@type":"WebSite","@id":"https:\/\/volantenlinea.com\/#website","url":"https:\/\/volantenlinea.com\/","name":"","description":"","potentialAction":[{"@type":"SearchAction","target":{"@type":"EntryPoint","urlTemplate":"https:\/\/volantenlinea.com\/?s={search_term_string}"},"query-input":{"@type":"PropertyValueSpecification","valueRequired":true,"valueName":"search_term_string"}}],"inLanguage":"es"}]}},"jetpack_sharing_enabled":true,"_links":{"self":[{"href":"https:\/\/volantenlinea.com\/index.php\/wp-json\/wp\/v2\/product\/126","targetHints":{"allow":["GET"]}}],"collection":[{"href":"https:\/\/volantenlinea.com\/index.php\/wp-json\/wp\/v2\/product"}],"about":[{"href":"https:\/\/volantenlinea.com\/index.php\/wp-json\/wp\/v2\/types\/product"}],"replies":[{"embeddable":true,"href":"https:\/\/volantenlinea.com\/index.php\/wp-json\/wp\/v2\/comments?post=126"}],"version-history":[{"count":32,"href":"https:\/\/volantenlinea.com\/index.php\/wp-json\/wp\/v2\/product\/126\/revisions"}],"predecessor-version":[{"id":1973,"href":"https:\/\/volantenlinea.com\/index.php\/wp-json\/wp\/v2\/product\/126\/revisions\/1973"}],"wp:featuredmedia":[{"embeddable":true,"href":"https:\/\/volantenlinea.com\/index.php\/wp-json\/wp\/v2\/media\/1995"}],"wp:attachment":[{"href":"https:\/\/volantenlinea.com\/index.php\/wp-json\/wp\/v2\/media?parent=126"}],"wp:term":[{"taxonomy":"product_brand","embeddable":true,"href":"https:\/\/volantenlinea.com\/index.php\/wp-json\/wp\/v2\/product_brand?post=126"},{"taxonomy":"product_cat","embeddable":true,"href":"https:\/\/volantenlinea.com\/index.php\/wp-json\/wp\/v2\/product_cat?post=126"},{"taxonomy":"product_tag","embeddable":true,"href":"https:\/\/volantenlinea.com\/index.php\/wp-json\/wp\/v2\/product_tag?post=126"}],"curies":[{"name":"wp","href":"https:\/\/api.w.org\/{rel}","templated":true}]}}